{"id":87,"date":"2018-01-06T00:09:39","date_gmt":"2018-01-06T00:09:39","guid":{"rendered":"http:\/\/wordprwess.narrenzunft-laichingen.de\/?page_id=87"},"modified":"2018-01-06T10:54:37","modified_gmt":"2018-01-06T10:54:37","slug":"satzung","status":"publish","type":"page","link":"https:\/\/www.narrenzunft-laichingen.de\/?page_id=87","title":{"rendered":"Satzung"},"content":{"rendered":"<p><strong>Der Narrengruppe \u201e Die Gai\u00dfer Madl \u201c Laichingen.<\/strong><br \/> \u00a0Allgemeine Bestimmungen gem .\u00a7 57 BGB<br \/> \u00a0<br \/> \u00a0<strong>\u00a71 Name und Sitz des Vereins<\/strong><br \/> \u00a0Der Verein f\u00fchrt den Namen Narrenzunft Laichingen \u201e Die Gai\u00dfer Madl\u201c Laichingen. Er hat seinen Sitz in 89150 Laichingen. Der Verein soll in das Vereinsregister eingetragen werden und f\u00fchrt nach der Eintragung den Zusatz \u201ee.V.\u201c<strong><br \/> \u00a0<br \/> \u00a0\u00a72 Zweck und Ziel<br \/> \u00a0<br \/> \u00a0<\/strong>1: Die Narrenzunft Laichingen Gai\u00dfer Madl (e.V.) mit Sitz in Laichingen verfolgt ausschlie\u00dflich und unmittelbar gemeinn\u00fctzige Zwecke im Sinne des Abschnitts \u201eSteuerbeg\u00fcnstigte Zwecke \u201eder Abgabenordnung.<br \/> \u00a0Der Zweck des Vereines ist die Erweckung des Fasnachtslebens zur F\u00f6rderung der Heimatpflege und Pflege des Brauchtums in Laichingen sowie dar\u00fcber hinaus. Der Satzungszweck wird verwirklicht insbesondere durch Fasnachtsveranstaltungen und teilnahm an Laichinger Festlichkeiten.<br \/> \u00a0Die Zunft pflegt Kontakte mit anderen Narrenz\u00fcnften au\u00dferhalb Laichingens und nimmt dort an Umz\u00fcgen und Brauchtumsabenden Teil. <br \/> \u00a0<br \/> \u00a03. Der Verein erstrebt keine finanziellen Gewinne. Spenden und Gewinne d\u00fcrfen nur f\u00fcr die satzungsgem\u00e4\u00dfen Ziele und Zwecke verwendet werden.<br \/> \u00a0<br \/> \u00a04. Die Mitglieder des Vereines erhalten keinen Gewinnanteil und in ihrer Eigenschaft als Mitglieder auch keine sonstigen Zuwendungen aus Mitteln des Vereines.<br \/> \u00a0Keine Person darf durch Verwaltungsaufgaben, die den Zielen und Zwecken des Vereines fremd sind, sowie durch Verg\u00fctungen jedweder Art, beg\u00fcnstigt werden.<strong><br \/> \u00a0<br \/> \u00a0\u00a73 Mitgliedschaft<br \/> \u00a0<br \/> \u00a0<\/strong>1. Mitglied kann jede vollj\u00e4hrige Person werden.<br \/> \u00a0<br \/> \u00a02. Mitglied kann jede nicht vollj\u00e4hrige Person werden und zwar:<br \/> \u00a0&#8211; nach Vollendung des 16. Lebensjahres mit Zustimmung des\/der Erziehungsberechtigten<br \/> \u00a0&#8211; vor der Vollendung der 16. Lebensjahres muss ein Elternteil bzw. ein Erziehungsberechtigter ebenfalls aktives Mitglied des Vereines sein\/werden.<br \/> \u00a03. die Mitgliedschaft wird durch eine schriftliche Beitrittserkl\u00e4rung an den Vorstand beantragt.<br \/> \u00a0<br \/> \u00a03.2 Die Aufnahme der Mitglieder wird in der Gruppenordnung geregelt.<br \/> \u00a0<br \/> \u00a03.3 Durch den Beschluss der JHV k\u00f6nnen Personen die sich in besonderem Ma\u00dfe um den Verein verdient gemacht haben, zum Ehrenmitglied ernannt werden.<br \/> \u00a0Antr\u00e4ge auf Ernennung von Ehrenmitgliedern erhebt die Vorstandschaft.<strong><br \/> \u00a0<br \/> \u00a0\u00a74 Beendigung der Mitgliedschaft<br \/> \u00a0<br \/> \u00a0<\/strong>1. die Mitgliedschaft endet:<br \/> \u00a0<br \/> \u00a01.1 durch freiwilligen Austritt, der dem Vorstand schriftlich zu erkl\u00e4ren ist.<br \/> \u00a0<br \/> \u00a01.2 durch f\u00f6rmlichen Ausschluss, der vom Vorstand mit 2\/3 Mehrheit beschlossen werden muss. Das Mitglied muss vorher schriftlich oder m\u00fcndlich angeh\u00f6rt werden.<br \/> \u00a0<br \/> \u00a01.3 durch Tod<br \/> \u00a0<br \/> \u00a02. die Beendigung der Mitgliedschaft kann nur zum Ende des laufenden Gesch\u00e4ftsjahres, schriftlich erkl\u00e4rt werden.<br \/> \u00a0<br \/> \u00a03. ein Mitglied kann ausgeschlossen werden, wenn es dem Zweck des Vereines zuwider handelt oder das Ansehen des Vereines sch\u00e4digt.<br \/> \u00a0Gegen den Ausschluss kann ein Mitglied eine Mitgliederversammlung innerhalb drei Wochen nach Bekanntgabe des Ausschluss-Beschlusses einberufen.<br \/> \u00a0Die Mitgliederversammlung entscheidet mit einfacher Mehrheit.<br \/> \u00a0<br \/> \u00a04. der Ausschluss ist wirksam:<br \/> \u00a04.1 drei Wochen nach Bekanntgabe f\u00fcr den Fall, dass die Mitgliederversammlung nicht angerufen wird.<br \/> \u00a0<br \/> \u00a04.2 mit Bekanntgabe des den Ausschluss best\u00e4tigenden Beschlusses der Mitgliederversammlung.<br \/> \u00a0Die Mitgliedschaft ruht nach Bekanntgabe des Ausschluss- Beschlusses bis zur evtl. Entscheidung der Mitgliederversammlung.<br \/> \u00a0<br \/> \u00a05. bei ihrem Ausscheiden k\u00f6nnen die Mitglieder keinerlei Besitzanspruch auf das Vereinsverm\u00f6gen erheben und verlieren au\u00dferdem jedes Recht gegen\u00fcber der Narrenzunft Laichingen e.V Gai\u00dfer Madl<br \/> \u00a0<br \/> \u00a0<br \/> \u00a0<strong>\u00a75 Beitrag <br \/> \u00a0<br \/> \u00a0<\/strong>1. jedes Mitglied ab dem vollendeten 16, Lebensjahr hat einen Jahresbeitrag zu entrichten, dessen H\u00f6he von der Mitgliederversammlung festgelegt wird.<br \/> \u00a0<br \/> \u00a02. der Beitrag f\u00fcr das laufende Gesch\u00e4ftsjahr ist bis zum 01. Mai zu entrichten bei Neumitgliedern wird der Beitrag mit Eintritt f\u00e4llig. Der Vorstand ist erm\u00e4chtigt, in begr\u00fcndeten F\u00e4llen Beitragsbefreiung zu gew\u00e4hren.<br \/> \u00a0<br \/> \u00a03. Mitglieder unter 16 Jahren haben keinen Beitrag zu entrichten.<strong><br \/> \u00a0<br \/> \u00a0\u00a76 Rechte und Pflichten der Mitglieder<br \/> \u00a0<br \/> \u00a0<\/strong>1. jedes Mitglied ist berechtigt an der Willensbildung innerhalb des Vereines durch Aus\u00fcbung des Antrags-, Diskussions- und Stimmrechtes in Mitgliederversammlungen teilzunehmen.<br \/> \u00a0<br \/> \u00a01.1 jedes Mitglied ab dem 16. Lebensjahr hat aktives und passives Wahlrecht.<br \/> \u00a0Ein Mitglied ist nach Vollendung des 18. Lebensjahrs w\u00e4hlbar.<br \/> \u00a0<br \/> \u00a01.2 die Mitglieder sind verpflichtet, die Satzung, die Gruppenordnung sowie die Beschl\u00fcsse der Vorstandschaft einzuhalten.<br \/> \u00a0<br \/> \u00a02 die Mitglieder sind verpflichtet, vereinseigenes Inventar schonend zu behandeln: Verursachte Sch\u00e4den, aufgrund mutwilliger oder unsachgem\u00e4\u00dfer Behandlung ist vom Sch\u00e4diger in voller H\u00f6he zu erstatten.<br \/> \u00a0<br \/> \u00a02.1 Jedes beitretende aktive Mitglied muss eine Privathaftpflicht vorweisen, die f\u00fcr die Dauer der Mitgliedschaft weiter bestehen muss.<br \/> \u00a0<br \/> \u00a03. jedes Mitglied hat die Aufgabe, die es \u00fcbernommen hat bzw. die ihm seine Funktion vorschreibt, gewissenhaft und verantwortungsbewusst, auszuf\u00fchren.<strong><br \/> \u00a0<br \/> \u00a0\u00a7 7 Organe des Vereins<br \/> \u00a0<br \/> \u00a0<\/strong>1 die Vorstandschaft ruft j\u00e4hrlich sp\u00e4testens bis zum 31. Mai die JHV ein. Die Einladung muss sp\u00e4testens 2 Wochen vor der Versammlung, schriftlich unter Bekanntmachung der Tagesordnungspunkte erfolgen und vom Schriftf\u00fchrer an alle aktiven und passiven Mitglieder versand sein.<br \/> \u00a0<br \/> \u00a01.2 Antr\u00e4ge und \u00c4nderungen zur JHV k\u00f6nnen nur ber\u00fccksichtigt werden, wenn sie mindestens 1. Woche vor der JHV schriftlich, in sachlicher Form beim Schriftf\u00fchrer eingereicht werden. Dieser Verpflichtet sich dann die Vorstandschaft zu informieren.<br \/> \u00a0<br \/> \u00a01.3 Wahlen und Abstimmungen k\u00f6nnen geheim oder durch Handzeichen erfolgen. Geheim muss abgestimmt werden, wenn es ein anwesendes Mitglied verlangt.<br \/> \u00a0<br \/> \u00a01.4 Die JHV wird vom 1. Vorstand geleitet. Bei dessen Abwesenheit leitet der 2. Vorsitzende die JHV. \u00dcber jede JHV ist ein Protokoll zu erstellen, welches vom Schriftf\u00fchrer, dem 1. und zweiten Vorstand zu unterzeichnen ist. Eine Kopie dieses Protokolls ist an den ersten Vorstand zu entrichten.<br \/> \u00a0<br \/> \u00a02.Punkte der JHV<br \/> \u00a0Bericht des 1.oder 2. Vorstand<br \/> \u00a0Bericht des Schriftf\u00fchrers<br \/> \u00a0Bericht des Kassierers<br \/> \u00a0Bericht des Kassenpr\u00fcfers<br \/> \u00a0Bericht des Masken- und H\u00e4swartes<br \/> \u00a0Entlastung durch die JHV<br \/> \u00a0Wahlen der Vorstandschaft <br \/> \u00a0Wahl der Kassenpr\u00fcfer (der nicht der Vorstandschaft angeh\u00f6rt)<br \/> \u00a0Satzungs- \u00c4nderungen<br \/> \u00a0Ehrungen <br \/> \u00a0<br \/> \u00a03. Au\u00dferordentliche Mitgliederversammlungen<br \/> \u00a0Die Vorstandschaft kann von sich aus eine au\u00dferordentliche Mitgliederversammlung <br \/> \u00a0Einberufen. Auf schriftlichen Antrag mit Angabe der Gr\u00fcnde von mindestens 1\/10tel aller Mitglieder muss die Vorstandschaft eine au\u00dferordentliche Mitgliederversammlung einberufen.<br \/> \u00a0F\u00fcr die au\u00dferordentliche Mitgliederversammlung gelten die Regeln der JHV.<br \/> \u00a0<br \/> \u00a04. Der Vorstand besteht aus:<br \/> \u00a0Erster Vorstand<br \/> \u00a0Zweiter Vorstand<br \/> \u00a0Kassierer<br \/> \u00a0Schriftf\u00fchrer<br \/> \u00a0Masken- und H\u00e4swart <br \/> \u00a0<br \/> \u00a0S\u00e4mtliche \u00c4mter sind Ehren\u00e4mter. Die gesamte Vorstandschaft unterliegt der Schweigepflicht.<br \/> \u00a0<br \/> \u00a05. Die Vorstandschaft wird auf der JHV von den Mitgliedern auf 3 Jahre gew\u00e4hlt.<br \/> \u00a0Der erste und der zweite Vorstand vertreten den Verein im Sinne des \u00a7 26 BGB, jeder ist alleine vertretungsberechtigt.<br \/> \u00a0<br \/> \u00a06. Im Innenverh\u00e4ltnis gilt: der Vorstand darf Ausgaben mit einem Wert von \u00fcber 1000 \u20ac nur mit der Zustimmung der Mitgliederversammlung vornehmen.<br \/> \u00a0<br \/> \u00a06.1 Der Kassierer verwaltet das Verm\u00f6gen, er f\u00fchrt das Kassenbuch und erstellt die Jahresbilanz. Er hat die Einnahmen und die Ausgaben zu vollziehen. Der Jahresabschluss muss einer Revision durch den Kassenpr\u00fcfer vorgelegt werden, und hat sp\u00e4testens bei der JHV vorzuliegen. Das Kassenbuch muss jederzeit auf Antrag zur Einsicht vorgelegt werden.<br \/> \u00a0<br \/> \u00a0<br \/> \u00a0<br \/> \u00a06.2 Der Schriftf\u00fchrer erledigt s\u00e4mtlichen Schriftverkehr. Er erstellt notwendige Protokolle und hat die Vorstandschaft \u00fcber die laufenden Geschehnisse zu informieren.<br \/> \u00a0<br \/> \u00a07 Die Vorstandsitzung ist nur beschlussf\u00e4hig wenn 2\/3 der Vorstandsmitglieder an der Sitzung teilnehmen, Beschl\u00fcsse gelten bei erreichen einer einfachen Stimmenmehrheit als beschlossen.<strong><br \/> \u00a0<br \/> \u00a0\u00a78 Gesch\u00e4ftsjahr<br \/> \u00a0<br \/> \u00a0<\/strong>Das Gesch\u00e4ftsjahr beginnt am 1.1 und endet am 31.12.<strong><br \/> \u00a0<br \/> \u00a0\u00a79Aufl\u00f6sung des Vereins<br \/> \u00a0<br \/> \u00a0<\/strong>Die Aufl\u00f6sung des Vereins kann in der Regel nur von der Mitgliederversammlung beschlossen werden. Im Falle einer Aufl\u00f6sung des Vereines f\u00e4llt das Vereinsverm\u00f6gen an die gemeinn\u00fctzige Institution \u201eguterhirte e.V. Zentrum f\u00fcr Kinder-, Jugend- und Familienhilfe\u201c, die es unmittelbar und Ausschlie\u00dflich f\u00fcr diesen Zweck zu verwenden hat. <br \/> \u00a0<br \/> \u00a0Die Gr\u00fcndungsmitglieder k\u00f6nnen den Verein auch wenn sie nicht mehr dem Verein angeh\u00f6ren aufl\u00f6sen wenn der Verein nicht nach ihren Vorstellungen weiter gef\u00fchrt wird.<br \/> \u00a0<br \/> \u00a0Dazu muss dann eine Versammlung der Gr\u00fcndungsmitglieder einberufen werden um den Verein aufzul\u00f6sen gen\u00fcgt bei triftigen Gr\u00fcnden eine einfache Mehrheit.<strong><br \/> \u00a0<br \/> \u00a0\u00a710 Aussetzen der Vorstandes<br \/> \u00a0<br \/> \u00a0<\/strong>Jede Person vom Vorstand kann mit absprachen des restlichen Vorstandes bis zur JHV von seinen \u00c4mtern enthoben werden. Es gen\u00fcgt eine einfache Mehrheit. Bei der JHV muss ver\u00f6ffentlicht werden, weshalb der Vorstand enthoben ist und die Mitgliederversammlung muss \u00fcber die Konsequenzen oder die Wiedereinsetzung ins Amt abstimmen.<strong><br \/> \u00a0<br \/> \u00a0\u00a711 Inkrafttretung<br \/> \u00a0<br \/> \u00a0<\/strong>Diese Satzung tritt mit der Gr\u00fcndungsversammlung am 06.06.06 in Kraft.<strong><br \/> \u00a0<br \/> \u00a0\u00a712 Schlussbestimmung<br \/> \u00a0<br \/> \u00a0<\/strong>1. Um innerhalb des Vereines Vorraussetzungen f\u00fcr eine gute Organisation zu schaffen, werden Bestimmungen und Ordnungen au\u00dferhalb der Satzung in eine Gruppenordnung erlassen, die sich auf die Rechte und Pflichten der aktiven und passiven Mitglieder bezieht.<br \/> \u00a0<br \/> \u00a02. Sofern in der Satzung nichts anderes bestimmt wurde, gelten die gesetzlichen Vorschriften des BGB \u00a721 bis\u00a779<\/p>\n","protected":false},"excerpt":{"rendered":"<p>Der Narrengruppe \u201e Die Gai\u00dfer Madl \u201c Laichingen. \u00a0Allgemeine Bestimmungen gem .\u00a7 57 BGB \u00a0 \u00a0\u00a71 Name und Sitz des Vereins \u00a0Der Verein f\u00fchrt den Namen Narrenzunft Laichingen \u201e Die Gai\u00dfer Madl\u201c Laichingen. Er hat[&#8230;]<\/p>\n","protected":false},"author":1,"featured_media":0,"parent":0,"menu_order":0,"comment_status":"closed","ping_status":"closed","template":"","meta":{"ngg_post_thumbnail":0},"_links":{"self":[{"href":"https:\/\/www.narrenzunft-laichingen.de\/index.php?rest_route=\/wp\/v2\/pages\/87"}],"collection":[{"href":"https:\/\/www.narrenzunft-laichingen.de\/index.php?rest_route=\/wp\/v2\/pages"}],"about":[{"href":"https:\/\/www.narrenzunft-laichingen.de\/index.php?rest_route=\/wp\/v2\/types\/page"}],"author":[{"embeddable":true,"href":"https:\/\/www.narrenzunft-laichingen.de\/index.php?rest_route=\/wp\/v2\/users\/1"}],"replies":[{"embeddable":true,"href":"https:\/\/www.narrenzunft-laichingen.de\/index.php?rest_route=%2Fwp%2Fv2%2Fcomments&post=87"}],"version-history":[{"count":2,"href":"https:\/\/www.narrenzunft-laichingen.de\/index.php?rest_route=\/wp\/v2\/pages\/87\/revisions"}],"predecessor-version":[{"id":158,"href":"https:\/\/www.narrenzunft-laichingen.de\/index.php?rest_route=\/wp\/v2\/pages\/87\/revisions\/158"}],"wp:attachment":[{"href":"https:\/\/www.narrenzunft-laichingen.de\/index.php?rest_route=%2Fwp%2Fv2%2Fmedia&parent=87"}],"curies":[{"name":"wp","href":"https:\/\/api.w.org\/{rel}","templated":true}]}}