{"id":85,"date":"2018-01-06T00:09:26","date_gmt":"2018-01-06T00:09:26","guid":{"rendered":"http:\/\/wordprwess.narrenzunft-laichingen.de\/?page_id=85"},"modified":"2018-01-07T12:04:17","modified_gmt":"2018-01-07T12:04:17","slug":"impressum","status":"publish","type":"page","link":"https:\/\/www.narrenzunft-laichingen.de\/?page_id=85","title":{"rendered":"Impressum"},"content":{"rendered":"<p><strong>Impressum<\/strong><br \/>Angaben gem\u00e4\u00df \u00a7 5 TMG:<\/p>\n<p>Narrenzunft Laichingen &#8222;Die Gai\u00dfer Madl&#8220; e. V.<br \/>Postfach 1103<br \/>Geb\u00e4ude 44<br \/>89144 Laichingen<\/p>\n<p>Vertreten durch:<br \/>1. Vorstand Frau Manuela Zimmermann<br \/>2. Vorstand Frau Sabrina Zimmermann<\/p>\n<p>Kontakt:<br \/>Telefon: 073337307<br \/>E-Mail: kontakt@narrenzunft-laichngen.de<\/p>\n<p>Registereintrag:<br \/>Eintragung im Vereinsregister.<br \/>Registergericht:Amtsgericht Ulm<br \/>Registernummer: VR 720020<\/p>\n<p><strong>Haftung f\u00fcr Inhalte<\/strong><br \/>Als Diensteanbieter sind wir gem\u00e4\u00df \u00a7 7 Abs.1 TMG f\u00fcr eigene Inhalte auf diesen Seiten nach den<br \/>allgemeinen Gesetzen verantwortlich. Nach \u00a7\u00a7 8 bis 10 TMG sind wir als Diensteanbieter jedoch nicht<br \/>verpflichtet, \u00fcbermittelte oder gespeicherte fremde Informationen zu \u00fcberwachen oder nach Umst\u00e4nden<br \/>zu forschen, die auf eine rechtswidrige T\u00e4tigkeit hinweisen.<br \/>Verpflichtungen zur Entfernung oder Sperrung der Nutzung von Informationen nach den allgemeinen<br \/>Gesetzen bleiben hiervon unber\u00fchrt. Eine diesbez\u00fcgliche Haftung ist jedoch erst ab dem Zeitpunkt der<br \/>Kenntnis einer konkreten Rechtsverletzung m\u00f6glich. Bei Bekanntwerden von entsprechenden<br \/>Rechtsverletzungen werden wir diese Inhalte umgehend entfernen.<\/p>\n<p><strong>Haftung f\u00fcr Links<\/strong><br \/>Unser Angebot enth\u00e4lt Links zu externen Webseiten Dritter, auf deren Inhalte wir keinen Einfluss haben.<br \/>Deshalb k\u00f6nnen wir f\u00fcr diese fremden Inhalte auch keine Gew\u00e4hr \u00fcbernehmen. F\u00fcr die Inhalte der<br \/>verlinkten Seiten ist stets der jeweilige Anbieter oder Betreiber der Seiten verantwortlich. Die verlinkten<br \/>Seiten wurden zum Zeitpunkt der Verlinkung auf m\u00f6gliche Rechtsverst\u00f6\u00dfe \u00fcberpr\u00fcft. Rechtswidrige<br \/>Inhalte waren zum Zeitpunkt der Verlinkung nicht erkennbar.<br \/>Eine permanente inhaltliche Kontrolle der verlinkten Seiten ist jedoch ohne konkrete Anhaltspunkte einer<br \/>Rechtsverletzung nicht zumutbar. Bei Bekanntwerden von Rechtsverletzungen werden wir derartige Links<br \/>umgehend entfernen.<\/p>\n<p><strong>Urheberrecht<\/strong><br \/>Die durch die Seitenbetreiber erstellten Inhalte und Werke auf diesen Seiten unterliegen dem deutschen<br \/>Urheberrecht. Die Vervielf\u00e4ltigung, Bearbeitung, Verbreitung und jede Art der Verwertung au\u00dferhalb der<br \/>Grenzen des Urheberrechtes bed\u00fcrfen der schriftlichen Zustimmung des jeweiligen Autors bzw.<br \/>Erstellers. Downloads und Kopien dieser Seite sind nur f\u00fcr den privaten, nicht kommerziellen Gebrauch<br \/>gestattet.<br \/>Soweit die Inhalte auf dieser Seite nicht vom Betreiber erstellt wurden, werden die Urheberrechte Dritter<br \/>beachtet. Insbesondere werden Inhalte Dritter als solche gekennzeichnet. Sollten Sie trotzdem auf eine<br \/>Urheberrechtsverletzung aufmerksam werden, bitten wir um einen entsprechenden Hinweis. Bei<br \/>Bekanntwerden von Rechtsverletzungen werden wir derartige Inhalte umgehend entfernen.<\/p>\n<p>Quelle: eRecht24<\/p>\n","protected":false},"excerpt":{"rendered":"<p>ImpressumAngaben gem\u00e4\u00df \u00a7 5 TMG: Narrenzunft Laichingen &#8222;Die Gai\u00dfer Madl&#8220; e. V.Postfach 1103Geb\u00e4ude 4489144 Laichingen Vertreten durch:1. Vorstand Frau Manuela Zimmermann2. Vorstand Frau Sabrina Zimmermann Kontakt:Telefon: 073337307E-Mail: kontakt@narrenzunft-laichngen.de Registereintrag:Eintragung im Vereinsregister.Registergericht:Amtsgericht UlmRegisternummer: VR 720020 Haftung[&#8230;]<\/p>\n","protected":false},"author":1,"featured_media":0,"parent":0,"menu_order":0,"comment_status":"closed","ping_status":"closed","template":"","meta":{"ngg_post_thumbnail":0},"_links":{"self":[{"href":"https:\/\/www.narrenzunft-laichingen.de\/index.php?rest_route=\/wp\/v2\/pages\/85"}],"collection":[{"href":"https:\/\/www.narrenzunft-laichingen.de\/index.php?rest_route=\/wp\/v2\/pages"}],"about":[{"href":"https:\/\/www.narrenzunft-laichingen.de\/index.php?rest_route=\/wp\/v2\/types\/page"}],"author":[{"embeddable":true,"href":"https:\/\/www.narrenzunft-laichingen.de\/index.php?rest_route=\/wp\/v2\/users\/1"}],"replies":[{"embeddable":true,"href":"https:\/\/www.narrenzunft-laichingen.de\/index.php?rest_route=%2Fwp%2Fv2%2Fcomments&post=85"}],"version-history":[{"count":2,"href":"https:\/\/www.narrenzunft-laichingen.de\/index.php?rest_route=\/wp\/v2\/pages\/85\/revisions"}],"predecessor-version":[{"id":612,"href":"https:\/\/www.narrenzunft-laichingen.de\/index.php?rest_route=\/wp\/v2\/pages\/85\/revisions\/612"}],"wp:attachment":[{"href":"https:\/\/www.narrenzunft-laichingen.de\/index.php?rest_route=%2Fwp%2Fv2%2Fmedia&parent=85"}],"curies":[{"name":"wp","href":"https:\/\/api.w.org\/{rel}","templated":true}]}}