{"id":634,"date":"2018-01-07T13:01:35","date_gmt":"2018-01-07T13:01:35","guid":{"rendered":"http:\/\/wordprwess.narrenzunft-laichingen.de\/?page_id=634"},"modified":"2018-01-07T13:07:37","modified_gmt":"2018-01-07T13:07:37","slug":"schneider-kaufmann","status":"publish","type":"page","link":"https:\/\/www.narrenzunft-laichingen.de\/?page_id=634","title":{"rendered":"Schneider Kaufmann"},"content":{"rendered":"<p>\t\t\t\t<img loading=\"lazy\" src=\"httpss:\/\/wordprwess.narrenzunft-laichingen.de\/wp-content\/uploads\/2018\/01\/Schneiders-Kauffmann-1-1024x683.jpg\" alt=\"Schneiders Kauffmann\" itemprop=\"image\" height=\"683\" width=\"1024\"  \/><\/p>\n<table>\n<tbody>\n<tr>\n<td style=\"text-align: center;\"><strong>Einzelfigur<\/strong><\/td>\n<\/tr>\n<tr>\n<td>\n<table>\n<tbody>\n<tr>\n<td><strong>Spitzname:<\/strong><\/td>\n<td>Schneider<\/td>\n<\/tr>\n<tr>\n<td><strong>Baujahr:<\/strong><\/td>\n<td>2013<\/td>\n<\/tr>\n<tr>\n<td><strong>Wohnort:<\/strong><\/td>\n<td>Laichingen<\/td>\n<\/tr>\n<tr>\n<td valign=\"top\"><strong>Bekleidung:<\/strong><\/td>\n<td>Ein an die \u00c4lblertracht angelentes outfit mit in richtung gehhend der Stadtfarben von Laichingen<\/td>\n<\/tr>\n<\/tbody>\n<\/table>\n<\/td>\n<\/tr>\n<tr>\n<td><strong>Selbstbeschreibung:<\/strong><\/td>\n<\/tr>\n<tr>\n<td>\n<p>\u00a0Am 08.11.1885 kam das\u00a0 Gai\u00dfer Madl ins Armenhaus, wo sie mich den Schneider Kauffmann kennen lernte. Als es zwischen dem Gai\u00dfer Madl und mir zum Streit kam, beschimpfte sie meine Frau und mich mit dem schlimmsten Schimpfw\u00f6rtern. Darauf hin bekam sie die h\u00e4rtesten Pr\u00fcgel ihres lebens von mir mit einem Kehrwisch. Ein paar Monate sp\u00e4ter und zwar am 23.02.1886 kam es zur Verhandlung vor dem Sch\u00f6ffengericht M\u00fcnsingen gegen mich. Zur Anklage kam dabei die K\u00f6rperverletzung an dem Gai\u00dfer Madl.<\/p>\n<p>\u00a0W\u00e4hrend der Gerichtsverhandlung log das Gai\u00dfer Madl vom Anfang bis zum Ende der Verhandlung und das ganze auch noch unter Eid. Sie log dem Gericht vor, niemals\u00a0 mich\u00a0oder meine Frau je beleidigt oder beschimpft zu haben. Diese Aussage konnte von anderen Zeugen wiederlegt werden. Noch im selben Jahr kam es dann zur Anklage gegen das Gai\u00dfer Madl wegen Meineid und Beleidigung. Das Gericht in Ulm verurteilte sie auf 2 Jahre Zuchthaus. Der Richter verlas nach der Urteilsverk\u00fcndung noch Ihre Vorstrafen und wies darauf hin, dass sie die Tracht Pr\u00fcgel voll und ganz zu Recht bekam.<\/p>\n<\/td>\n<\/tr>\n<\/tbody>\n<\/table>\n","protected":false},"excerpt":{"rendered":"<p>Einzelfigur Spitzname: Schneider Baujahr: 2013 Wohnort: Laichingen Bekleidung: Ein an die \u00c4lblertracht angelentes outfit mit in richtung gehhend der Stadtfarben von Laichingen Selbstbeschreibung: \u00a0Am 08.11.1885 kam das\u00a0 Gai\u00dfer Madl ins Armenhaus, wo sie mich den[&#8230;]<\/p>\n","protected":false},"author":1,"featured_media":0,"parent":0,"menu_order":0,"comment_status":"closed","ping_status":"closed","template":"","meta":{"ngg_post_thumbnail":0},"_links":{"self":[{"href":"https:\/\/www.narrenzunft-laichingen.de\/index.php?rest_route=\/wp\/v2\/pages\/634"}],"collection":[{"href":"https:\/\/www.narrenzunft-laichingen.de\/index.php?rest_route=\/wp\/v2\/pages"}],"about":[{"href":"https:\/\/www.narrenzunft-laichingen.de\/index.php?rest_route=\/wp\/v2\/types\/page"}],"author":[{"embeddable":true,"href":"https:\/\/www.narrenzunft-laichingen.de\/index.php?rest_route=\/wp\/v2\/users\/1"}],"replies":[{"embeddable":true,"href":"https:\/\/www.narrenzunft-laichingen.de\/index.php?rest_route=%2Fwp%2Fv2%2Fcomments&post=634"}],"version-history":[{"count":2,"href":"https:\/\/www.narrenzunft-laichingen.de\/index.php?rest_route=\/wp\/v2\/pages\/634\/revisions"}],"predecessor-version":[{"id":639,"href":"https:\/\/www.narrenzunft-laichingen.de\/index.php?rest_route=\/wp\/v2\/pages\/634\/revisions\/639"}],"wp:attachment":[{"href":"https:\/\/www.narrenzunft-laichingen.de\/index.php?rest_route=%2Fwp%2Fv2%2Fmedia&parent=634"}],"curies":[{"name":"wp","href":"https:\/\/api.w.org\/{rel}","templated":true}]}}