{"id":630,"date":"2018-01-07T12:50:31","date_gmt":"2018-01-07T12:50:31","guid":{"rendered":"http:\/\/wordprwess.narrenzunft-laichingen.de\/?page_id=630"},"modified":"2018-01-07T13:05:15","modified_gmt":"2018-01-07T13:05:15","slug":"maria-magdalena-gaisser","status":"publish","type":"page","link":"https:\/\/www.narrenzunft-laichingen.de\/?page_id=630","title":{"rendered":"Maria Magdalena Gai\u00dfer"},"content":{"rendered":"<p>\t\t\t\t<img loading=\"lazy\" src=\"httpss:\/\/wordprwess.narrenzunft-laichingen.de\/wp-content\/uploads\/2018\/01\/Gaisser-Madl-1024x683.jpg\" alt=\"Gaisser Madl\" itemprop=\"image\" height=\"683\" width=\"1024\"  \/><\/p>\n<table style=\"height: 339px;\" width=\"793\">\n<tbody>\n<tr>\n<td style=\"text-align: center;\"><strong>Haupfigur<\/strong><\/td>\n<\/tr>\n<tr>\n<td>\n<table>\n<tbody>\n<tr>\n<td><strong>Spitzname<\/strong>:<\/td>\n<td>Gai\u00dfer Madl<\/td>\n<\/tr>\n<tr>\n<td><strong>Baujahr:<\/strong><\/td>\n<td>2006<\/td>\n<\/tr>\n<tr>\n<td><strong>Wohnort:<\/strong><\/td>\n<td>Laichingen<\/td>\n<\/tr>\n<tr>\n<td valign=\"top\"><strong>Bekleidung:<\/strong><\/td>\n<td>Ein H\u00e4s mit Franzen Rock , Pumphose, Sch\u00fcrze, Stulpen und Blauhemd angelehnt an die Stadtfarben von Laichingen<\/td>\n<\/tr>\n<\/tbody>\n<\/table>\n<\/td>\n<\/tr>\n<tr>\n<td><strong>Selbstbeschreibung:<\/strong><\/td>\n<\/tr>\n<tr>\n<td>\n<p style=\"text-align: center;\"><i> Ich wurde am 07.07.1843 geboren und verstarb am 18.02.1918<\/i><\/p>\n<p>\u00a0Bei mir dem Gai\u00dfer Madl handelt es sich um Maria Magdalena Gai\u00dfer ein richtiges Dorforiginal das heist auch das ich mein ganzes Leben in Laichingen verbrachte. Ich lebte zum Schluss im Haus des Bleichers mit dem Namen Johannes Wagner. Ich war unverheiratet und nur eine Tagel\u00f6hnerin. Ich habe so manches angestelt und war damals sehr bekannt.<\/p>\n<\/td>\n<\/tr>\n<\/tbody>\n<\/table>\n","protected":false},"excerpt":{"rendered":"<p>Haupfigur Spitzname: Gai\u00dfer Madl Baujahr: 2006 Wohnort: Laichingen Bekleidung: Ein H\u00e4s mit Franzen Rock , Pumphose, Sch\u00fcrze, Stulpen und Blauhemd angelehnt an die Stadtfarben von Laichingen Selbstbeschreibung: Ich wurde am 07.07.1843 geboren und verstarb am[&#8230;]<\/p>\n","protected":false},"author":1,"featured_media":0,"parent":0,"menu_order":0,"comment_status":"closed","ping_status":"closed","template":"","meta":{"ngg_post_thumbnail":0},"_links":{"self":[{"href":"https:\/\/www.narrenzunft-laichingen.de\/index.php?rest_route=\/wp\/v2\/pages\/630"}],"collection":[{"href":"https:\/\/www.narrenzunft-laichingen.de\/index.php?rest_route=\/wp\/v2\/pages"}],"about":[{"href":"https:\/\/www.narrenzunft-laichingen.de\/index.php?rest_route=\/wp\/v2\/types\/page"}],"author":[{"embeddable":true,"href":"https:\/\/www.narrenzunft-laichingen.de\/index.php?rest_route=\/wp\/v2\/users\/1"}],"replies":[{"embeddable":true,"href":"https:\/\/www.narrenzunft-laichingen.de\/index.php?rest_route=%2Fwp%2Fv2%2Fcomments&post=630"}],"version-history":[{"count":3,"href":"https:\/\/www.narrenzunft-laichingen.de\/index.php?rest_route=\/wp\/v2\/pages\/630\/revisions"}],"predecessor-version":[{"id":638,"href":"https:\/\/www.narrenzunft-laichingen.de\/index.php?rest_route=\/wp\/v2\/pages\/630\/revisions\/638"}],"wp:attachment":[{"href":"https:\/\/www.narrenzunft-laichingen.de\/index.php?rest_route=%2Fwp%2Fv2%2Fmedia&parent=630"}],"curies":[{"name":"wp","href":"https:\/\/api.w.org\/{rel}","templated":true}]}}