{"id":2,"date":"2016-05-10T03:48:21","date_gmt":"2016-05-10T03:48:21","guid":{"rendered":"http:\/\/wordprwess.narrenzunft-laichingen.de\/?page_id=2"},"modified":"2024-01-27T08:21:54","modified_gmt":"2024-01-27T08:21:54","slug":"sample-page","status":"publish","type":"page","link":"https:\/\/www.narrenzunft-laichingen.de\/","title":{"rendered":"Home"},"content":{"rendered":"\n<img src=\"httpss:\/\/wordprwess.narrenzunft-laichingen.de\/wp-content\/uploads\/2018\/01\/Rechberghausen-184.jpg\" alt=\"Rechberghausen (184)\" itemprop=\"image\" title=\"Rechberghausen (184)\" onerror=\"this.style.display='none'\">\n\t<p>\u201eGai\u00dfer Madl sitzt auf der Ofengabel, Ofengabel bricht, Gai\u00dfer Madl sitzt&#8220;<\/p>\n\t<p><strong>Herzlich Willkommen<\/strong>&nbsp;<\/p>\n<p>auf unserer Webseite&nbsp;<\/p>\n<p>Hier findest du alles \u00fcber uns Viel Spa\u00df beim erkunden<\/p>\n\t\t\t\t<img src=\"httpss:\/\/wordprwess.narrenzunft-laichingen.de\/wp-content\/uploads\/2018\/01\/Schneiders-Kauffmann.jpg\" alt=\"Schneiders Kauffmann\" itemprop=\"image\" title=\"Schneiders Kauffmann\" onerror=\"this.style.display='none'\">\n\t\t\t\t<img src=\"httpss:\/\/wordprwess.narrenzunft-laichingen.de\/wp-content\/uploads\/2018\/01\/Rechberghausen-192-200x300.jpg\" alt=\"Rechberghausen (192)\" itemprop=\"image\" title=\"Rechberghausen (192)\" onerror=\"this.style.display='none'\">\n\t<!-- X-STAT START : CODE NICHT AENDERN --><br>\n <a href=\"\/\/www.x-stat.de\/\" target=\"_blank\" rel=\"noopener\"><font size=\"1\">Besucherz\u00e4hler<\/font><\/a><br>\n<!-- X-STAT ENDE : CODE NUR UNVERAENDERT GUELTIG -->\n","protected":false},"excerpt":{"rendered":"<p>\u201eGai\u00dfer Madl sitzt auf der Ofengabel, Ofengabel bricht, Gai\u00dfer Madl sitzt&#8220; Herzlich Willkommen&nbsp; auf unserer Webseite&nbsp; Hier findest du alles \u00fcber uns Viel Spa\u00df beim erkunden Besucherz\u00e4hler<\/p>\n","protected":false},"author":1,"featured_media":0,"parent":0,"menu_order":0,"comment_status":"closed","ping_status":"open","template":"","meta":{"ngg_post_thumbnail":0},"_links":{"self":[{"href":"https:\/\/www.narrenzunft-laichingen.de\/index.php?rest_route=\/wp\/v2\/pages\/2"}],"collection":[{"href":"https:\/\/www.narrenzunft-laichingen.de\/index.php?rest_route=\/wp\/v2\/pages"}],"about":[{"href":"https:\/\/www.narrenzunft-laichingen.de\/index.php?rest_route=\/wp\/v2\/types\/page"}],"author":[{"embeddable":true,"href":"https:\/\/www.narrenzunft-laichingen.de\/index.php?rest_route=\/wp\/v2\/users\/1"}],"replies":[{"embeddable":true,"href":"https:\/\/www.narrenzunft-laichingen.de\/index.php?rest_route=%2Fwp%2Fv2%2Fcomments&post=2"}],"version-history":[{"count":21,"href":"https:\/\/www.narrenzunft-laichingen.de\/index.php?rest_route=\/wp\/v2\/pages\/2\/revisions"}],"predecessor-version":[{"id":46908,"href":"https:\/\/www.narrenzunft-laichingen.de\/index.php?rest_route=\/wp\/v2\/pages\/2\/revisions\/46908"}],"wp:attachment":[{"href":"https:\/\/www.narrenzunft-laichingen.de\/index.php?rest_route=%2Fwp%2Fv2%2Fmedia&parent=2"}],"curies":[{"name":"wp","href":"https:\/\/api.w.org\/{rel}","templated":true}]}}